{"id":13,"date":"2021-07-26T21:17:15","date_gmt":"2021-07-26T19:17:15","guid":{"rendered":"http:\/\/dev.momentum-messebau.de\/?page_id=13"},"modified":"2021-09-24T13:07:48","modified_gmt":"2021-09-24T11:07:48","slug":"ueber-uns","status":"publish","type":"page","link":"http:\/\/momentum-messebau.de\/index.php\/ueber-uns\/","title":{"rendered":"\u00dcber uns"},"content":{"rendered":"\n<p><\/p>\n\n\n\n<p><strong>Wir sorgen daf\u00fcr, dass Sie Ihre Ziele erreichen!<\/strong><\/p>\n\n\n\n<p>Das momentum Messebauteam verf\u00fcgt \u00fcber fachliches Know-how, hohe Motivation und langj\u00e4hrige Erfahrung in der Realisierung von Messe- und Veranstaltungspr\u00e4sentationen. In Kooperation mit unseren Partnern aus den Bereichen Design und Architektur, Holz- und Metallbearbeitung sowie dem Vertrieb von Systembauteilen, sind wir in der Lage, Ihr Projekt vom ersten Entwurf bis zur \u201eschl\u00fcsselfertigen\u201c \u00dcbergabe am Messeplatz zu verwirklichen. Dabei legen wir besonderen Wert auf Zuverl\u00e4ssigkeit und Flexibilit\u00e4t. Ein weiteres Kriterium unserer Firmenphilosophie beschreibt die Bem\u00fchung trotz aller Alltagsroutinen den Blick f\u00fcr Innovationen nicht zu verlieren.<\/p>\n\n\n\n<p><strong>Planung \u2013 Beratung \u2013 Realisierung<\/strong><\/p>\n\n\n\n<p>Ob 12m\u00b2 in der Provinz oder 500m\u00b2 in Barcelona, wir realisieren Ihr Projekt. Dabei haben Sie die Wahl zwischen der konventionellen Holzbauweise, der Systembauweise, oder der sogenannten Mischbauweise. Bei der konventionellen Holzbauweise wird der Stand individuell nach Ihren W\u00fcnschen produziert, wohingegen bei der Systembauweise das jeweils gew\u00e4hlte System die Grenzen setzt. Die Mischbauweise kombiniert die konventionelle Holzbau- und die Systembauweise. Dar\u00fcber hinaus erarbeiten wir auch kundenspezifische Pr\u00e4sentationsl\u00f6sungen in Form sogenannter Showrooms oder dem Mobile Marketing. Dank unsere klaren Firmenstrukturen und der langj\u00e4hrigen Zusammenarbeit mit unseren Partnern erreichen wir ein hohes Ma\u00df an Flexibilit\u00e4t und sind immer in der Lage Sie individuell und zuverl\u00e4ssig zu betreuen.<\/p>\n\n\n\n<p><strong>Gestern Frankfurt, heute Mailand, morgen Istanbul.<\/strong><\/p>\n\n\n\n<p>Wir agieren f\u00fcr unsere Kunden auf s\u00e4mtlichen nationalen und internationalen Messeschaupl\u00e4tzen. Neben den umfassenden logistischen Aufgaben \u00fcbernehmen wir auch die Kommunikation mit den Veranstaltern vor Ort und gew\u00e4hrleisten somit die Einhaltung der l\u00e4nderspezifischen Bauvorschriften und Genehmigungsverfahren. Durch zahlreiche Eins\u00e4tze an den verschiedensten Messestandorten verf\u00fcgen wir heute \u00fcber ein beachtliches Kontingent an wichtigen Kontakten und Verbindungen sowohl zu Veranstaltern als auch zu freien Mitarbeitern und Lieferanten. Damit garantieren wir h\u00e4ufig eine kosteng\u00fcnstige und \u00f6kologisch ausgeglichene Verwirklichung Ihres Projektes.<\/p>\n","protected":false},"excerpt":{"rendered":"<p>Wir sorgen daf\u00fcr, dass Sie Ihre Ziele erreichen! Das momentum Messebauteam verf\u00fcgt \u00fcber fachliches Know-how, hohe Motivation und langj\u00e4hrige Erfahrung in der Realisierung von Messe- und Veranstaltungspr\u00e4sentationen. In Kooperation mit unseren Partnern aus den Bereichen Design und Architektur, Holz- und Metallbearbeitung sowie dem Vertrieb von Systembauteilen, sind wir in der Lage, Ihr Projekt vom ersten [&hellip;]<\/p>\n","protected":false},"author":1,"featured_media":0,"parent":0,"menu_order":0,"comment_status":"closed","ping_status":"closed","template":"","meta":{"_coblocks_attr":"","_coblocks_dimensions":"","_coblocks_responsive_height":"","_coblocks_accordion_ie_support":"","_vp_format_video_url":"","_vp_image_focal_point":[]},"featured_image_urls":{"full":"","thumbnail":"","medium":"","medium_large":"","large":"","1536x1536":"","2048x2048":"","vp_sm":"","vp_md":"","vp_lg":"","vp_xl":"","vp_sm_popup":"","vp_md_popup":"","vp_xl_popup":"","post-thumbnail":"","twentytwenty-fullscreen":""},"post_excerpt_stackable":"<p>Wir sorgen daf\u00fcr, dass Sie Ihre Ziele erreichen! Das momentum Messebauteam verf\u00fcgt \u00fcber fachliches Know-how, hohe Motivation und langj\u00e4hrige Erfahrung in der Realisierung von Messe- und Veranstaltungspr\u00e4sentationen. In Kooperation mit unseren Partnern aus den Bereichen Design und Architektur, Holz- und Metallbearbeitung sowie dem Vertrieb von Systembauteilen, sind wir in der Lage, Ihr Projekt vom ersten Entwurf bis zur \u201eschl\u00fcsselfertigen\u201c \u00dcbergabe am Messeplatz zu verwirklichen. Dabei legen wir besonderen Wert auf Zuverl\u00e4ssigkeit und Flexibilit\u00e4t. Ein weiteres Kriterium unserer Firmenphilosophie beschreibt die Bem\u00fchung trotz aller Alltagsroutinen den Blick f\u00fcr Innovationen nicht zu verlieren. Planung \u2013 Beratung \u2013 Realisierung Ob 12m\u00b2 in der&hellip;<\/p>\n","category_list":"","author_info":{"name":"admin","url":"http:\/\/momentum-messebau.de\/index.php\/author\/admin\/"},"comments_num":"0 comments","featured_image_urls_v2":{"full":"","thumbnail":"","medium":"","medium_large":"","large":"","1536x1536":"","2048x2048":"","vp_sm":"","vp_md":"","vp_lg":"","vp_xl":"","vp_sm_popup":"","vp_md_popup":"","vp_xl_popup":"","post-thumbnail":"","twentytwenty-fullscreen":""},"post_excerpt_stackable_v2":"<p>Wir sorgen daf\u00fcr, dass Sie Ihre Ziele erreichen! Das momentum Messebauteam verf\u00fcgt \u00fcber fachliches Know-how, hohe Motivation und langj\u00e4hrige Erfahrung in der Realisierung von Messe- und Veranstaltungspr\u00e4sentationen. In Kooperation mit unseren Partnern aus den Bereichen Design und Architektur, Holz- und Metallbearbeitung sowie dem Vertrieb von Systembauteilen, sind wir in der Lage, Ihr Projekt vom ersten Entwurf bis zur \u201eschl\u00fcsselfertigen\u201c \u00dcbergabe am Messeplatz zu verwirklichen. Dabei legen wir besonderen Wert auf Zuverl\u00e4ssigkeit und Flexibilit\u00e4t. Ein weiteres Kriterium unserer Firmenphilosophie beschreibt die Bem\u00fchung trotz aller Alltagsroutinen den Blick f\u00fcr Innovationen nicht zu verlieren. Planung \u2013 Beratung \u2013 Realisierung Ob 12m\u00b2 in der&hellip;<\/p>\n","category_list_v2":"","author_info_v2":{"name":"admin","url":"http:\/\/momentum-messebau.de\/index.php\/author\/admin\/"},"comments_num_v2":"0 comments","_links":{"self":[{"href":"http:\/\/momentum-messebau.de\/index.php\/wp-json\/wp\/v2\/pages\/13"}],"collection":[{"href":"http:\/\/momentum-messebau.de\/index.php\/wp-json\/wp\/v2\/pages"}],"about":[{"href":"http:\/\/momentum-messebau.de\/index.php\/wp-json\/wp\/v2\/types\/page"}],"author":[{"embeddable":true,"href":"http:\/\/momentum-messebau.de\/index.php\/wp-json\/wp\/v2\/users\/1"}],"replies":[{"embeddable":true,"href":"http:\/\/momentum-messebau.de\/index.php\/wp-json\/wp\/v2\/comments?post=13"}],"version-history":[{"count":3,"href":"http:\/\/momentum-messebau.de\/index.php\/wp-json\/wp\/v2\/pages\/13\/revisions"}],"predecessor-version":[{"id":450,"href":"http:\/\/momentum-messebau.de\/index.php\/wp-json\/wp\/v2\/pages\/13\/revisions\/450"}],"wp:attachment":[{"href":"http:\/\/momentum-messebau.de\/index.php\/wp-json\/wp\/v2\/media?parent=13"}],"curies":[{"name":"wp","href":"https:\/\/api.w.org\/{rel}","templated":true}]}}